{"id":13,"date":"2025-02-19T09:47:34","date_gmt":"2025-02-19T12:47:34","guid":{"rendered":"https:\/\/hipoxia.com.br\/prepan2025\/?page_id=13"},"modified":"2025-02-19T09:47:34","modified_gmt":"2025-02-19T12:47:34","slug":"accommodation","status":"publish","type":"page","link":"https:\/\/hipoxia.com.br\/prepan2025\/accommodation\/","title":{"rendered":"Accommodation"},"content":{"rendered":"\n<figure class=\"wp-block-table\"><table class=\"has-fixed-layout\"><tbody><tr><td><strong>Place<\/strong><\/td><td><strong>Phone<\/strong><\/td><td><strong>Email<\/strong><\/td><\/tr><tr><td><strong>Hotel Estrela do Sul<\/strong><br>Av. Nossa Senhora da Penha, 1011<br>Santo Agostinho<\/td><td>+55 (28) 3542-3709<br><a href=\"https:\/\/wa.me\/5528999991505\" target=\"_blank\" rel=\"noreferrer noopener\">+55 (28) 99999-1505<\/a>&nbsp;<\/td><td>hotelestreladosul@hotmail.com<\/td><\/tr><tr><td><strong>Hotel Fort Esperan\u00e7a<\/strong><br>Rodovia Fued Nemer, km 03<br>Aracu\u00ed<\/td><td>+55 (28) 3310-2591<br><a rel=\"noreferrer noopener\" href=\"https:\/\/wa.me\/5528999312591\" target=\"_blank\">+55 (28) 99931-2591<\/a><\/td><td>forteesperaca@gmail.com<\/td><\/tr><tr><td><strong>Hotel Regina<\/strong>&nbsp;<br>Rua L\u00eddia Machado, 230<br>Centro<\/td><td>+55 (28) 3542-1594<br><a href=\"http:\/\/wa.me\/5528999236112\" target=\"_blank\" rel=\"noreferrer noopener\">+55 (28) 99923-6112<\/a><\/td><td>reginahotel@terra.com.br<\/td><\/tr><tr><td><strong>Pousada Lua e Sol<\/strong>&nbsp;<br>R. Romeu Barbosa, 393<br>S\u00e3o Miguel<\/td><td>+55 (28) 3542-0119<br><a rel=\"noreferrer noopener\" href=\"https:\/\/wa.me\/5528998860163\" target=\"_blank\">+55 (28) 99886-0163<\/a><\/td><td>pousadaluaesol@hotmail.com<\/td><\/tr><tr><td><strong>Hotel Plaza<\/strong><br>Av. Nossa Senhora da Penha, 190<br>Centro<\/td><td>+55 (28) 3542-1674<\/td><td><\/td><\/tr><tr><td><strong>Castelo Hotel<\/strong><br>Rodovia ES-166 km 023<br>Castelo<\/td><td>+55 (28) 3542-0163<br><a href=\"https:\/\/wa.me\/5528999519482\" target=\"_blank\" rel=\"noreferrer noopener\">+55 (28) 99951-9482<\/a><\/td><td><\/td><\/tr><tr><td><strong>Pousada Ares de Ub\u00e1<\/strong>&nbsp;<br>Comunidade de Ub\u00e1<\/td><td>+55 (28) 99941-9592<br><a rel=\"noreferrer noopener\" href=\"https:\/\/wa.me\/5528999147906\" target=\"_blank\">+55 (28) 99914-7906<\/a><\/td><td><\/td><\/tr><tr><td><strong>Alojamento Bela Vista<\/strong>&nbsp;<br>Barra Alegre<\/td><td>+55 (28) 99909-6321<\/td><td><\/td><\/tr><tr><td><strong>Casa de Madeira<\/strong><br>Arapoca<\/td><td>+55 (28) 99921-2244<\/td><td><\/td><\/tr><tr><td><strong>Villa Farfalla Restaurante e Hotel<\/strong><br>Limoeiro<\/td><td>+55 (28) 99900-3800<\/td><\/tr><\/tbody><\/table><\/figure>\n\n\n\n<p><\/p>\n","protected":false},"excerpt":{"rendered":"<p>Place Phone Email Hotel Estrela do SulAv. Nossa Senhora da Penha, 1011Santo Agostinho +55 (28) 3542-3709+55 (28) 99999-1505&nbsp; hotelestreladosul@hotmail.com Hotel Fort Esperan\u00e7aRodovia Fued Nemer, km 03Aracu\u00ed +55 (28) 3310-2591+55 (28) 99931-2591 forteesperaca@gmail.com Hotel Regina&nbsp;Rua L\u00eddia Machado, 230Centro +55 (28) 3542-1594+55 (28) 99923-6112 reginahotel@terra.com.br Pousada Lua e Sol&nbsp;R. Romeu Barbosa, 393S\u00e3o Miguel +55 (28) 3542-0119+55 (28) &hellip; <\/p>\n","protected":false},"author":1,"featured_media":0,"parent":0,"menu_order":0,"comment_status":"closed","ping_status":"closed","template":"","meta":{"footnotes":""},"class_list":["post-13","page","type-page","status-publish","hentry","latest_post"],"_links":{"self":[{"href":"https:\/\/hipoxia.com.br\/prepan2025\/wp-json\/wp\/v2\/pages\/13","targetHints":{"allow":["GET"]}}],"collection":[{"href":"https:\/\/hipoxia.com.br\/prepan2025\/wp-json\/wp\/v2\/pages"}],"about":[{"href":"https:\/\/hipoxia.com.br\/prepan2025\/wp-json\/wp\/v2\/types\/page"}],"author":[{"embeddable":true,"href":"https:\/\/hipoxia.com.br\/prepan2025\/wp-json\/wp\/v2\/users\/1"}],"replies":[{"embeddable":true,"href":"https:\/\/hipoxia.com.br\/prepan2025\/wp-json\/wp\/v2\/comments?post=13"}],"version-history":[{"count":1,"href":"https:\/\/hipoxia.com.br\/prepan2025\/wp-json\/wp\/v2\/pages\/13\/revisions"}],"predecessor-version":[{"id":14,"href":"https:\/\/hipoxia.com.br\/prepan2025\/wp-json\/wp\/v2\/pages\/13\/revisions\/14"}],"wp:attachment":[{"href":"https:\/\/hipoxia.com.br\/prepan2025\/wp-json\/wp\/v2\/media?parent=13"}],"curies":[{"name":"wp","href":"https:\/\/api.w.org\/{rel}","templated":true}]}}