{"id":37,"date":"2021-12-29T10:07:35","date_gmt":"2021-12-29T13:07:35","guid":{"rendered":"http:\/\/hipoxia.com.br\/pwc2022\/?page_id=37"},"modified":"2021-12-29T14:31:49","modified_gmt":"2021-12-29T17:31:49","slug":"accommodation","status":"publish","type":"page","link":"http:\/\/hipoxia.com.br\/pwc2022\/accommodation\/","title":{"rendered":"Accommodation"},"content":{"rendered":"\n<p><strong>In Baixo Guandu \u2013 ES<\/strong><\/p>\n\n\n\n<p><strong>Barbosa Hotel and Restaurant<\/strong><\/p>\n\n\n\n<p>Av. 10 de Abril, 338 \u2013 Center \u2013 Baixo Guandu \u2013 ES<br>(27) 3732 &#8211; 3994 \/ (27) 3732 &#8211; 4961 \/ (27) 3732 &#8211; 4917<br>http:\/\/www.hotelbarbosa.com.br<br>Comments:<br>This hotel was once used as the HQ of the team that organizes the championships. It has a restaurant on its premises.<\/p>\n\n\n\n<p><strong>Prince Hotel<\/strong><\/p>\n\n\n\n<p>Rua Dr. Hugo Lopes Nalle, 98 \u2013 Center \u2013 Baixo Guandu \u2013 ES<br>(27) 3732 &#8211; 1585 \/ (27) 9824 &#8211; 8548<br>http:\/\/www.principehotelbg.com.br<\/p>\n\n\n\n<p><strong>Hotel Bom Destino<\/strong><\/p>\n\n\n\n<p>Rua Ibituba, 259 \u2013 Center \u2013 Baixo Guandu \u2013 ES<br>(27) 3732 &#8211; 3130<br>www.hotelbomdestino.blogspot.com \u2013 hotelbomdestino@hotmail.com<br>Comments:<br>Close to the local bus station.<\/p>\n\n\n\n<p><strong>In Aimor\u00e9s &#8211; MG<\/strong><br>The city of Aimor\u00e9s is 5 km away, and it belongs to the state of Minas Gerais, access can be done by two quick access roads.<\/p>\n\n\n\n<p><strong>Pousada das Acacias<\/strong><\/p>\n\n\n\n<p>Av. Florisvaldo Dias Oliveira, 50 \u2013 Centro \u2013 Aimor\u00e9s \u2013 MG<br>(33) 3267 &#8211; 1643 (33) 3267 &#8211; 1159<br>Comments:<br>It has parking.<\/p>\n\n\n\n<p><strong>Villares Hotel<\/strong><\/p>\n\n\n\n<p>Av. Dr. Am\u00e9rico Martins da Costa, 99 \u2013 Center \u2013 Aimor\u00e9s \u2013 MG<br>(33) 3267 &#8211; 2897<br>http:\/\/www.villareshotel.com.br<br>Comments:<br>Just below its premises there is a restaurant owned by the same owner, (Deguste Restaurante).<\/p>\n\n\n\n<p><strong>Instituto Terra<\/strong><\/p>\n\n\n\n<p>RPPN Fazenda Bulc\u00e3o \u2013 Aimor\u00e9s \u2013 MG<br>+55 (33) 3267 2025<br>+55 (33) 3267 1829<br>http:\/\/www.institutoterra.org\/pt_br<br>Comments:<br>This place is not necessarily a hotel, but it is possible to stay in its facilities, it is important to communicate in advance and schedule, obtaining details about it.<br>The place is very pleasant and it is worth getting to know the project and the ecological activities implemented by the institution; Even if it is for a monitored visit.<\/p>\n\n\n\n<p><strong>Hotel Estevam<\/strong><\/p>\n\n\n\n<p>Av. Raul Soares, 915 \u2013 Centro \u2013 Aimor\u00e9s \u2013 MG<br>(33) 3267 &#8211; 3955<br>hotelestevamaimores@gmail.com<\/p>\n\n\n\n<p><strong>Lorraine Hotel<\/strong><\/p>\n\n\n\n<p>Av. Raul Soares, 1.258 \u2013 Centro \u2013 Aimor\u00e9s \u2013 MG<br>(33) 3267 &#8211; 2959<\/p>\n\n\n\n<p><strong>Aimor\u00e9s Palace Hotel<\/strong><\/p>\n\n\n\n<p>Pra\u00e7a Jo\u00e3o Pinheiro, 250 \u2013 Center \u2013 Aimor\u00e9s \u2013 MG<br>(33) 3267 &#8211; 1448<\/p>\n","protected":false},"excerpt":{"rendered":"<p>In Baixo Guandu \u2013 ES Barbosa Hotel and Restaurant Av. 10 de Abril, 338 \u2013 Center \u2013 Baixo Guandu \u2013 ES(27) 3732 &#8211; 3994 \/ (27) 3732 &#8211; 4961 \/ (27) 3732 &#8211; 4917http:\/\/www.hotelbarbosa.com.brComments:This hotel was once used as the HQ of the team that organizes the championships. It has a restaurant on its premises. Prince Hotel Rua Dr. Hugo Lopes Nalle, 98 \u2013 Center \u2013 Baixo Guandu \u2013 ES(27) 3732 &#8211; 1585 \/ (27) 9824 &#8211; 8548http:\/\/www.principehotelbg.com.br Hotel Bom Destino Rua Ibituba, 259 \u2013 Center \u2013 Baixo Guandu \u2013 ES(27) 3732 &#8211; 3130www.hotelbomdestino.blogspot.com \u2013 hotelbomdestino@hotmail.comComments:Close to the local bus station. In Aimor\u00e9s &#8211; MGThe city of Aimor\u00e9s is 5 km away, and it belongs to the state of Minas Gerais, access can be done by two quick access roads. Pousada das Acacias Av. Florisvaldo Dias Oliveira, 50 \u2013 Centro \u2013 Aimor\u00e9s \u2013 MG(33) 3267 &#8211; 1643 (33) 3267 &#8211; 1159Comments:It has parking. Villares Hotel Av. Dr. Am\u00e9rico Martins da Costa, 99 \u2013 Center \u2013 Aimor\u00e9s \u2013 MG(33) 3267 &#8211; 2897http:\/\/www.villareshotel.com.brComments:Just below its premises there is a restaurant owned by the same owner, (Deguste Restaurante). Instituto Terra RPPN Fazenda Bulc\u00e3o \u2013 Aimor\u00e9s \u2013 MG+55 (33) 3267 2025+55 (33) 3267 1829http:\/\/www.institutoterra.org\/pt_brComments:This place is not necessarily a hotel, but it is possible to stay in its facilities, it is important to communicate in advance and schedule, obtaining details about it.The place is very pleasant and it is worth getting to know the project and the ecological activities implemented by the institution; Even if it is for a monitored visit. Hotel Estevam Av. Raul Soares, 915 \u2013 Centro \u2013 Aimor\u00e9s \u2013 MG(33) 3267 &#8211; 3955hotelestevamaimores@gmail.com Lorraine Hotel Av. Raul Soares, 1.258 \u2013 Centro \u2013 Aimor\u00e9s \u2013 MG(33) 3267 &#8211; 2959 Aimor\u00e9s Palace Hotel Pra\u00e7a Jo\u00e3o Pinheiro, 250 \u2013 Center \u2013 Aimor\u00e9s \u2013 MG(33) 3267 &#8211; 1448<\/p>\n","protected":false},"author":1,"featured_media":0,"parent":0,"menu_order":0,"comment_status":"closed","ping_status":"closed","template":"","meta":{"ngg_post_thumbnail":0,"footnotes":""},"class_list":["post-37","page","type-page","status-publish","hentry"],"_links":{"self":[{"href":"http:\/\/hipoxia.com.br\/pwc2022\/wp-json\/wp\/v2\/pages\/37","targetHints":{"allow":["GET"]}}],"collection":[{"href":"http:\/\/hipoxia.com.br\/pwc2022\/wp-json\/wp\/v2\/pages"}],"about":[{"href":"http:\/\/hipoxia.com.br\/pwc2022\/wp-json\/wp\/v2\/types\/page"}],"author":[{"embeddable":true,"href":"http:\/\/hipoxia.com.br\/pwc2022\/wp-json\/wp\/v2\/users\/1"}],"replies":[{"embeddable":true,"href":"http:\/\/hipoxia.com.br\/pwc2022\/wp-json\/wp\/v2\/comments?post=37"}],"version-history":[{"count":2,"href":"http:\/\/hipoxia.com.br\/pwc2022\/wp-json\/wp\/v2\/pages\/37\/revisions"}],"predecessor-version":[{"id":46,"href":"http:\/\/hipoxia.com.br\/pwc2022\/wp-json\/wp\/v2\/pages\/37\/revisions\/46"}],"wp:attachment":[{"href":"http:\/\/hipoxia.com.br\/pwc2022\/wp-json\/wp\/v2\/media?parent=37"}],"curies":[{"name":"wp","href":"https:\/\/api.w.org\/{rel}","templated":true}]}}