{"id":25,"date":"2022-07-25T14:58:54","date_gmt":"2022-07-25T17:58:54","guid":{"rendered":"http:\/\/hipoxia.com.br\/copabrasil2022\/?page_id=25"},"modified":"2022-11-01T11:23:03","modified_gmt":"2022-11-01T14:23:03","slug":"regulamento","status":"publish","type":"page","link":"http:\/\/hipoxia.com.br\/copabrasil2022\/regulamento\/","title":{"rendered":"Regulamento"},"content":{"rendered":"\n<p>Regras Locais &#8211; Copa Brasil Sport \/ Castelo Open 2022<br>Organizado por: Associa\u00e7\u00e3o Capixaba de Voo Livre (ACVL)<\/p>\n\n\n\n<p><strong>Geral<\/strong><br>Estas regras locais devem ser utilizadas em conjunto com o regulamento do<br>campeonato Brasileiro de parapente, e lembramos que o regulamento local se<br>sobrep\u00f5e as regras gerais.<\/p>\n\n\n\n<p><br><strong>1 \u2013 Contato<\/strong><br>Organizado por: Associa\u00e7\u00e3o Capixaba de Voo Livre (ACVL)<br>Endere\u00e7o ASSOCIA\u00c7\u00c2O CAPIXABA DE V\u00d4O LIVRE \u2013 ACVL, Avenida Maru\u00edpe,<br>n\u00ba 2791, Bairro Santa Luzia, Vit\u00f3ria \u2013 ES<br>http:\/\/www.hipoxia.com.br\/copabrasilsport2020,<br>Gadernal@yahoo.com.br<br>+5527996475031<\/p>\n\n\n\n<p><br><strong>2 &#8211; Staff<\/strong><br>Organizador Geral : Marcos Aur\u00e9lio<br>Juiz geral : Marcelo Ratiz<br>Diretor de seguran\u00e7a: Marcos Aur\u00e9lio<br>Coordenador de resgate : Roberto Tomas (Rato)<br>Transporte: Paulo Lousada<br>Eventos Sociais: Frank Brown<br>Apura\u00e7\u00e3o: Zenilson Rocha<br>Live tracking : Zenilson Rocha<br>Previs\u00e3o do tempo : Marcelo Ratis<br>Coordena\u00e7\u00e3o do QG Almir Poltronieri<br>Coordena\u00e7\u00e3o Decolagem: Almir Poltronieri<br>Gol : Valtino Destefani (Costinha)<br>Rela\u00e7\u00f5es Publicas e m\u00eddia : Frank Brown<br>Fotos Zenilson Rocha<\/p>\n\n\n\n<p><br><strong>3 \u2013 Programa\u00e7\u00e3o<\/strong><br>Inscri\u00e7\u00e3o 23\/11 de 15-21h<br>Briefing de seguran\u00e7a obrigat\u00f3rio \u2013 dia 23\/11 na rampa<br>Cerim\u00f4nia de abertura\/ Welcome drinks 23\/11 20h local a definir<br>Dias de prova , de 23\/11 a 27\/11<br>Premia\u00e7\u00e3o 27\/11 17:30h QG<br>Os hor\u00e1rios poder\u00e3o sofrer altera\u00e7\u00e3o e ser\u00e3o divulgados principalmente pelo chat<br>do whatsapp<br>Programa\u00e7\u00e3o di\u00e1ria<br>07:30 \u2013 Abertura do QG<br>09:00 \u2013 Transporte para rampa<br>11:00 \u2013 Briefing com pilotos<br>12:00 \u2013 Abertura da janela<br>16:30 \u2013 Abertura da apura\u00e7\u00e3o<br>21:30 \u2013 Fechamento da apura\u00e7\u00e3o<br>22:00 \u2013 Resultados provis\u00f3rios<br>Mudan\u00e7as poder\u00e3o ocorrer.<br>As poss\u00edveis mudan\u00e7as ser\u00e3o anunciadas no grupo de chat do evento.<\/p>\n\n\n\n<p><\/p>\n\n\n\n<p><strong>4 \u2013 Inscri\u00e7\u00f5e<\/strong>s<br>O numero Maximo de inscritos \u00e9 130 , sendo 90 vagas para a classe Sport e 40 vagas para a open.<br>De acordo com as normas sanit\u00e1rias referentes ao COVID este numero poder\u00e1 diminuir.<\/p>\n\n\n\n<p><br><strong>5 \u2013 Para competir:<\/strong><br>O piloto devera ser minimo n\u00edvel 2 CBVL.<\/p>\n\n\n\n<p><br><strong>6 \u2013 Vagas para competir<\/strong><br>O crit\u00e9rio ser\u00e1 simplesmente por ordem de inscri\u00e7\u00e3o, a organiza\u00e7\u00e3o reservar\u00e1 se necess\u00e1rio 5 vagas para casos de seu interesse.<\/p>\n\n\n\n<p><br><strong>7 \u2013 Valor da inscri\u00e7\u00e3o<\/strong><br>O valor ser\u00e1 de 500 reais ate 60 dias antes do evento.<br>A sessenta dias ou menos do evento o valor ser\u00e1 de 600 reais<br>A menos de trinta dias o valor ser\u00e1 e 700 reais<br>A inscri\u00e7\u00e3o inclui:<br>\u2022 Transporte para a rampa do QG e resgate depois do pouso de volta a cidade e<br>equipe de resgate em caso de acidente.<br>\u2022 Cordenadas usadas no evento<br>\u2022 Apura\u00e7\u00e3o dos voos .<br>\u2022 Mapa<br>\u2022 Kit lanche e \u00e1gua para beber na rampa<br>\u2022 Acesso livre as festas do evento<br>\u2022 Internet no QG.<br>\u2022 Tracker, se disponibilizado pela CBVL.<\/p>\n\n\n\n<p><br><strong>8 &#8211; Devolu\u00e7\u00f5es<\/strong><br>At\u00e9 30 dias devolu\u00e7\u00e3o de 50%<br>A menos de 30 dias do evento somente haver\u00e1 devolu\u00e7\u00e3o se houver uma substitui\u00e7\u00e3o deste piloto por outro indicado por ele.<\/p>\n\n\n\n<p><strong>9 \u2013 Registro do piloto<\/strong><br>O processo de registro do piloto ocorrer\u00e1 no QG e cada piloto dever\u00e1 possuir:<br>\u2022 Prova de Identidade.<br>\u2022 Evidencia de que sua vela \u00e9 certificada e esta dentro dos par\u00e2metros de<br>homologa\u00e7\u00e3o.<br>\u2022 Seguro pessoal de sa\u00fade<br>Cada competidor devera assinar:<br>\u2022 Declara\u00e7\u00e3o de isen\u00e7\u00e3o de responsabilidade<br>\u2022 Declara\u00e7\u00e3o de homologa\u00e7\u00e3o de sua vela<br>\u2022 Ficha de inscri\u00e7\u00e3o<\/p>\n\n\n\n<p><br><strong>10 \u2013 Espa\u00e7o A\u00e9reo<\/strong><br>Temos o NOTAM da \u00e1rea que ser\u00e1 divulgado durante o evento<\/p>\n\n\n\n<p><br><strong>11- Birutas<\/strong><br>Ser\u00e3o escolhidos pela organiza\u00e7\u00e3o.<\/p>\n\n\n\n<p><br><strong>12 &#8211; Live-tracking<\/strong><br>Se disponibilizado pela CBVL teremos a cobertura on line do evento<\/p>\n\n\n\n<p><br><strong>13 \u2013 Apura\u00e7\u00e3o<\/strong><br>Os par\u00e2metros ser\u00e3o escolhidos pela organiza\u00e7\u00e3o.<\/p>\n\n\n\n<p><br><strong>14- Premia\u00e7\u00e3o e classes (ser\u00e1 definido dia 15\/08\/22)<\/strong><br>Sugerimos inicialmente premiarmos as classes com tr\u00eas trof\u00e9us para cada categoria, mais uma categoria especial FEMININO que inclui apenas velas SPORT.<br>O valor proporcional de 5000 reais ser\u00e1 distribu\u00eddo como premia\u00e7\u00e3o em dinheiro, pago na premia\u00e7\u00e3o proporcionalmente para o n\u00famero de inscritos em cada classe.<br>A classe open ter\u00e1 o limite de 40 vagas dispon\u00edveis, ou seja:<br>Sport Lite ( velas A e B) Tr\u00eas trof\u00e9us + premia\u00e7\u00e3o proporcional<br>Sport ate velas C Tr\u00eas trof\u00e9us + premia\u00e7\u00e3o proporcional<br>Open velas D e CCC. Tr\u00eas trof\u00e9us + premia\u00e7\u00e3o proporcional<br>Feminino Sport tr\u00eas trof\u00e9us<br>Feminino OPEN, n\u00e3o haver\u00e1 premia\u00e7\u00e3o.<\/p>\n\n\n\n<p><br><strong>15- A organiza\u00e7\u00e3o poder\u00e1 alterar este regulamento<\/strong> caso seja necess\u00e1rio para ter o seu bom andamento garantido.<\/p>\n\n\n\n<p><br><strong>14 &#8211; Protestos e casos omissos<\/strong><\/p>\n\n\n\n<p>Encorajamos os pilotos a lerem o regulamento da CBVL para o Campeonato Brasileiro pois este evento seguira ele como base.<br>O valor do protesto \u00e9 de 200 reais em dinheiro, e em caso de deferimento este valor ser\u00e1 integralmente devolvido ao piloto.<br>Casos aqui n\u00e3o inclusos ou situa\u00e7\u00f5es que possam gerar duvida ser\u00e3o discutidos pela comiss\u00e3o t\u00e9cnica do evento formada por:<br>-Frank Brown, presidente e possui voto de desempate se necess\u00e1rio<br>-Zenilson Rocha<br>-Marcos Aur\u00e9lio<\/p>\n\n\n\n<p><br>A premissa da comiss\u00e3o ser\u00e1 trazer concilia\u00e7\u00e3o em casos onde o piloto possa ser prejudicado no seu resultado devido a situa\u00e7\u00f5es duvidosas do regulamento ou quando o regulamento se mostrar falho em prever alguma casualidade.<\/p>\n\n\n\n<p><br>Bons Voos !<\/p>\n\n\n\n<p><\/p>\n\n\n\n<hr class=\"wp-block-separator has-alpha-channel-opacity\"\/>\n\n\n\n<p><strong><em>Version English<\/em><\/strong><\/p>\n\n\n\n<p>General<br>These local rules must be used in conjunction with the regulation of the Brazilian Paragliding Championship, and we remind you that the local regulation overrides the general rules.<br><\/p>\n\n\n\n<p>1 &#8211; Contact<br>Organized by: <br>Free Flight Association of Esp\u00edrito Santo (ACVL)<br>Address ASSOCIA\u00c7\u00c2O CAPIXABA DE V\u00d4O LIVRE \u2013 ACVL, Avenida Maru\u00edpe, no 2791, Bairro Santa Luzia, Vit\u00f3ria \u2013 ES<br>http:\/\/www.hipoxia.com.br\/copabrasilsport2022<\/p>\n\n\n\n<p>Gadernal@yahoo.com.br<br>+5527996475031<br><\/p>\n\n\n\n<p>2 &#8211; Staff<br>General Organizer : Marcos Aur\u00e9lio<br>General judge : Marcelo Ratiz<br>Security director: Marcos Aur\u00e9lio <\/p>\n\n\n\n<p>Rescue coordinator: Roberto Tomas (Rato) <\/p>\n\n\n\n<p>Transport: Paulo Lousada<br>Social Events: Frank Brown<br>Assessment: Zenilson Rocha<br>Live tracking : Zenilson Rocha<br>Weather Forecast : Marcelo Ratis <\/p>\n\n\n\n<p>Headquarters Coordinator Almir Poltronieri <\/p>\n\n\n\n<p>Takeoff Coordinator: Almir Poltronieri Goal : Valtino Destefani (Costinha) <\/p>\n\n\n\n<p>Public Relations and Media : Frank Brown <\/p>\n\n\n\n<p>Photos Zenilson Rocha<\/p>\n\n\n\n<p><br>3 &#8211; Programming<br>Registration 2\/11 from 3pm to 9pm<br>Mandatory safety briefing \u2013 11\/2 on the ramp<br>Opening Ceremony\/ Welcome drinks 3\/13 20h location to be defined<br>Test days, from 2\/11 to 6\/11<br>Awards 11\/06 17:30 HQ<br>Schedules may change and will be released mainly by whatssup chat<br>daily schedule<br>07:30 &#8211; HQ opening<br>09:00 &#8211; Transport to ramp<br>11:00 \u2013 Briefing with pilots<br>12:00 &#8211; Window opening<br>16:30 &#8211; Opening of the investigation<br>21:30 &#8211; Closing of the calculation<br>22:00 &#8211; Provisional results<br>Changes may occur.<br>Possible changes will be announced in the event chat group<\/p>\n\n\n\n<p>4 &#8211; Subscriptions<br>The maximum number of subscribers is 130, with 90 spots for the Sport class and 40 spots for the open.<br>According to the health standards regarding COVID, this number may decrease.<\/p>\n\n\n\n<p><br>5 \u2013 To compete:<br>The pilot must be at least level 2 CBVL.<\/p>\n\n\n\n<p>6 \u2013 Vacancies to compete<br>The criteria will be simply in order of registration, the organization will reserve, if necessary, 5 places for cases of your interest.<\/p>\n\n\n\n<p><br>7 &#8211; Registration fee<br>The value will be 500 reais up to 60 days before the event.<br>Sixty days or less from the event, the value will be 600 reais<br>Enrollment includes:<br>\u2022 Transport to HQ ramp and rescue after landing back to town and rescue team in case of accident.<br>\u2022 Coordinates used in the event<br>\u2022 Calculation of flights.<br>\u2022 Map<br>\u2022 Snack kit and water to drink on the ramp \u2022 Free access to event parties<br>\u2022 Internet at HQ.<br>\u2022 Tracker, if provided by CBVL<\/p>\n\n\n\n<p><br>8 &#8211; Returns<br>Up to 30 days 50% refund<br>Less than 30 days before the event, there will only be a refund if there is a replacement of this driver by another indicated by him.<\/p>\n\n\n\n<p>9 &#8211; Pilot&#8217;s record<br>The pilot registration process will take place at the HQ and each pilot must have:<br>\u2022 Proof of Identity.<br>\u2022 Evidence that your sail is certified and is within the homologation parameters.<br>\u2022 Personal health insurance<br>Each competitor must sign:<br>\u2022 Declaration of disclaimer \u2022 Declaration of approval of your sail<br>\u2022 Application form<\/p>\n\n\n\n<p><br>10 &#8211; Airspace<br>We have the NOTAM of the area that will be released during the event<br>11- Windsocks<br>will be chosen by the organization<br>12 &#8211; Live-tracking<br>If made available by CBVL we will have online coverage of the event<br>13 &#8211; Calculation<br>The parameters will be chosen by the organization<\/p>\n\n\n\n<p>15- Awards and classes (will be defined on 08\/15\/22)<br>We initially suggest awarding classes with three trophies for each category, plus a special FEMALE category that includes SPORT candles only.<br>The proportional amount of 5000 reais will be distributed as a cash prize, paid in the prize pool proportionally to the number of entries in each class.<br>The open class will have a limit of 40 seats available. Ie:<br>Sport Lite (sails A and B) Three trophies + proportional awards Sport up to candles C Three trophies + proportional awards Open candles D and CCC. Three trophies + proportional award Feminino Sport three trophies<br>Female OPEN, there will be no awards.<br>16- The organization may change this regulation if necessary to ensure its good progress.<br>17 &#8211; Protests and omissions<\/p>\n\n\n\n<p>We encourage riders to read the CBVL regulations for the Brazilian Championship as this event will follow it as a basis.<br>The value of the protest is 200 reais in cash, and in case of approval, this amount will be fully refunded to the pilot.<br>Cases not included here or situations that may generate doubts will be discussed by the technical committee of the event formed by:<br>-Frank Brown, president and has a tie-breaking vote if necessary <\/p>\n\n\n\n<p>-Zenilson Rocha<br>-Marcos Aurelius<\/p>\n\n\n\n<p><br>The commission&#8217;s premise will be to bring conciliation in cases where the pilot may be harmed in his result due to dubious situations of the regulation or when the regulation proves to be flawed in predicting any chance.<\/p>\n\n\n\n<p><br>Good flights !<\/p>\n","protected":false},"excerpt":{"rendered":"<p>Regras Locais &#8211; Copa Brasil Sport \/ Castelo Open 2022Organizado por: Associa\u00e7\u00e3o Capixaba de Voo<\/p>\n","protected":false},"author":1,"featured_media":0,"parent":0,"menu_order":0,"comment_status":"closed","ping_status":"closed","template":"","meta":{"footnotes":""},"class_list":["post-25","page","type-page","status-publish","hentry"],"_links":{"self":[{"href":"http:\/\/hipoxia.com.br\/copabrasil2022\/wp-json\/wp\/v2\/pages\/25","targetHints":{"allow":["GET"]}}],"collection":[{"href":"http:\/\/hipoxia.com.br\/copabrasil2022\/wp-json\/wp\/v2\/pages"}],"about":[{"href":"http:\/\/hipoxia.com.br\/copabrasil2022\/wp-json\/wp\/v2\/types\/page"}],"author":[{"embeddable":true,"href":"http:\/\/hipoxia.com.br\/copabrasil2022\/wp-json\/wp\/v2\/users\/1"}],"replies":[{"embeddable":true,"href":"http:\/\/hipoxia.com.br\/copabrasil2022\/wp-json\/wp\/v2\/comments?post=25"}],"version-history":[{"count":10,"href":"http:\/\/hipoxia.com.br\/copabrasil2022\/wp-json\/wp\/v2\/pages\/25\/revisions"}],"predecessor-version":[{"id":102,"href":"http:\/\/hipoxia.com.br\/copabrasil2022\/wp-json\/wp\/v2\/pages\/25\/revisions\/102"}],"wp:attachment":[{"href":"http:\/\/hipoxia.com.br\/copabrasil2022\/wp-json\/wp\/v2\/media?parent=25"}],"curies":[{"name":"wp","href":"https:\/\/api.w.org\/{rel}","templated":true}]}}