{"id":21,"date":"2022-07-25T12:00:14","date_gmt":"2022-07-25T15:00:14","guid":{"rendered":"http:\/\/hipoxia.com.br\/copabrasil2022\/?page_id=21"},"modified":"2022-09-01T07:39:44","modified_gmt":"2022-09-01T10:39:44","slug":"inscricoes","status":"publish","type":"page","link":"http:\/\/hipoxia.com.br\/copabrasil2022\/inscricoes\/","title":{"rendered":"Inscri\u00e7\u00f5es"},"content":{"rendered":"\n<p><strong>Forma de Pagamento<\/strong>:<br>PIX, Picpay ou Paypal.<br><\/p>\n\n\n\n<p><strong>Valor da inscri\u00e7\u00e3o<\/strong>:<br>O valor ser\u00e1 de 500 reais ate 60 dias antes do evento.<br>A sessenta dias ou menos do evento o valor ser\u00e1 de 600 reais<br>A menos de trinta dias o valor ser\u00e1 e 700 reais.<\/p>\n\n\n\n<p><\/p>\n\n\n\n<p><strong>Nivel<\/strong>:<br>O piloto devera ser no minimo n\u00edvel 2 CBVL.<\/p>\n\n\n\n<p><\/p>\n\n\n\n<p><strong>Grupo do Telegram<\/strong>:<br><a href=\"https:\/\/t.me\/copabrasilsport\" target=\"_blank\" rel=\"noreferrer noopener\">https:\/\/t.me\/copabrasilsport<\/a><\/p>\n\n\n\n<iframe loading=\"lazy\" src=\"https:\/\/sistema.cbvl.com.br\/evento\/cms\/398_inscricao\" height=\"500\" width=\"1200\" frameborder=\"0\" allowfullscreen=\"allowfullscreen\"><\/iframe>\n\n\n\n<p><\/p>\n\n\n\n<p><strong>Pilotos Inscritos: <\/strong><\/p>\n\n\n\n<iframe loading=\"lazy\" src=\"https:\/\/sistema.cbvl.com.br\/evento\/cms\/398_lista\" height=\"1800\" width=\"1200\" frameborder=\"0\" allowfullscreen=\"allowfullscreen\"><\/iframe>\n","protected":false},"excerpt":{"rendered":"<p>Forma de Pagamento:PIX, Picpay ou Paypal. Valor da inscri\u00e7\u00e3o:O valor ser\u00e1 de 500 reais ate<\/p>\n","protected":false},"author":1,"featured_media":0,"parent":0,"menu_order":0,"comment_status":"closed","ping_status":"closed","template":"","meta":{"footnotes":""},"class_list":["post-21","page","type-page","status-publish","hentry"],"_links":{"self":[{"href":"http:\/\/hipoxia.com.br\/copabrasil2022\/wp-json\/wp\/v2\/pages\/21","targetHints":{"allow":["GET"]}}],"collection":[{"href":"http:\/\/hipoxia.com.br\/copabrasil2022\/wp-json\/wp\/v2\/pages"}],"about":[{"href":"http:\/\/hipoxia.com.br\/copabrasil2022\/wp-json\/wp\/v2\/types\/page"}],"author":[{"embeddable":true,"href":"http:\/\/hipoxia.com.br\/copabrasil2022\/wp-json\/wp\/v2\/users\/1"}],"replies":[{"embeddable":true,"href":"http:\/\/hipoxia.com.br\/copabrasil2022\/wp-json\/wp\/v2\/comments?post=21"}],"version-history":[{"count":22,"href":"http:\/\/hipoxia.com.br\/copabrasil2022\/wp-json\/wp\/v2\/pages\/21\/revisions"}],"predecessor-version":[{"id":87,"href":"http:\/\/hipoxia.com.br\/copabrasil2022\/wp-json\/wp\/v2\/pages\/21\/revisions\/87"}],"wp:attachment":[{"href":"http:\/\/hipoxia.com.br\/copabrasil2022\/wp-json\/wp\/v2\/media?parent=21"}],"curies":[{"name":"wp","href":"https:\/\/api.w.org\/{rel}","templated":true}]}}