{"id":12,"date":"2022-07-25T11:53:54","date_gmt":"2022-07-25T14:53:54","guid":{"rendered":"http:\/\/hipoxia.com.br\/copabrasil2022\/?page_id=12"},"modified":"2022-07-25T11:56:37","modified_gmt":"2022-07-25T14:56:37","slug":"a-cidade-de-castelo-es","status":"publish","type":"page","link":"http:\/\/hipoxia.com.br\/copabrasil2022\/a-cidade-de-castelo-es\/","title":{"rendered":"A Cidade"},"content":{"rendered":"\n<p>Castelo est\u00e1 localizada no sul do Esp\u00edrito Santo. Cercada de montanhas e cachoeiras, tem clima ameno, que varia entre 23\u00ba e 5\u00ba no inverno. Sua popula\u00e7\u00e3o \u00e9 formada em sua maioria por descendentes de italianos.<\/p>\n\n\n\n<p>Distante 146 quil\u00f4metros da capital do estado, Vit\u00f3ria, e a 36 quil\u00f4metros de Cachoeiro de Itapemirim, pode-se chegar a Castelo pelas Rodovias ES 166, ES 379 e ES 491 e BR 482, partindo de Cachoeiro, com acesso no Trevo de Duas Barras, pela rodovia Fued Nemer, num percurso de 18 quil\u00f4metros.<\/p>\n\n\n\n<p>O acesso tamb\u00e9m \u00e9 poss\u00edvel a partir de Venda Nova do Imigrante. Partindo de Vit\u00f3ria, passando pela BR 262, chega-se a Venda Nova do Imigrante e da\u00ed, atrav\u00e9s da Rodovia Pedro Cola, chega-se a Castelo (36 km).<\/p>\n\n\n\n<h3 class=\"wp-block-heading\">Munic\u00edpios vizinhos<\/h3>\n\n\n\n<p>&nbsp;Ao Sul \u2013 Cachoeiro de Itapemirim<\/p>\n\n\n\n<p>&nbsp;Ao Norte \u2013 Concei\u00e7\u00e3o de Castelo e Venda Nova do Imigrante<\/p>\n\n\n\n<p>&nbsp;Ao Leste &#8211; Domingos Martins e Vargem Alta<\/p>\n\n\n\n<p>&nbsp;A Oeste \u2013 Muniz Freire e Alegre<\/p>\n\n\n\n<h3 class=\"wp-block-heading\">Distritos<\/h3>\n\n\n\n<p>Estrela do Norte, Limoeiro, Montepio, Patrim\u00f4nio do Ouro, Pont\u00f5es.<\/p>\n\n\n\n<h3 class=\"wp-block-heading\">Hidrografia<\/h3>\n\n\n\n<p>Os mananciais nascem no alto de v\u00e1rias montanhas e descem para a sede do munic\u00edpio, formando os dois principais rios que cortam a cidade, o Caxixe e o Castelo. Embora j\u00e1 tenham sido naveg\u00e1veis, o volume de \u00e1guas diminuiu muito, tornando-os n\u00e3o naveg\u00e1veis.<\/p>\n\n\n\n<p><\/p>\n\n\n\n<p><strong>Mapa Turistico:<\/strong><\/p>\n\n\n\n<figure class=\"wp-block-image size-large\"><img loading=\"lazy\" decoding=\"async\" width=\"1024\" height=\"714\" src=\"http:\/\/hipoxia.com.br\/copabrasil2022\/wp-content\/uploads\/2022\/07\/image-1024x714.png\" alt=\"\" class=\"wp-image-13\" srcset=\"http:\/\/hipoxia.com.br\/copabrasil2022\/wp-content\/uploads\/2022\/07\/image-1024x714.png 1024w, http:\/\/hipoxia.com.br\/copabrasil2022\/wp-content\/uploads\/2022\/07\/image-300x209.png 300w, http:\/\/hipoxia.com.br\/copabrasil2022\/wp-content\/uploads\/2022\/07\/image-768x536.png 768w, http:\/\/hipoxia.com.br\/copabrasil2022\/wp-content\/uploads\/2022\/07\/image.png 1200w\" sizes=\"auto, (max-width: 1024px) 100vw, 1024px\" \/><\/figure>\n\n\n\n<figure class=\"wp-block-image size-large\"><img loading=\"lazy\" decoding=\"async\" width=\"1024\" height=\"714\" src=\"http:\/\/hipoxia.com.br\/copabrasil2022\/wp-content\/uploads\/2022\/07\/image-1-1024x714.png\" alt=\"\" class=\"wp-image-14\" srcset=\"http:\/\/hipoxia.com.br\/copabrasil2022\/wp-content\/uploads\/2022\/07\/image-1-1024x714.png 1024w, http:\/\/hipoxia.com.br\/copabrasil2022\/wp-content\/uploads\/2022\/07\/image-1-300x209.png 300w, http:\/\/hipoxia.com.br\/copabrasil2022\/wp-content\/uploads\/2022\/07\/image-1-768x536.png 768w, http:\/\/hipoxia.com.br\/copabrasil2022\/wp-content\/uploads\/2022\/07\/image-1.png 1500w\" sizes=\"auto, (max-width: 1024px) 100vw, 1024px\" \/><\/figure>\n","protected":false},"excerpt":{"rendered":"<p>Castelo est\u00e1 localizada no sul do Esp\u00edrito Santo. Cercada de montanhas e cachoeiras, tem clima<\/p>\n","protected":false},"author":1,"featured_media":0,"parent":0,"menu_order":0,"comment_status":"closed","ping_status":"closed","template":"","meta":{"footnotes":""},"class_list":["post-12","page","type-page","status-publish","hentry"],"_links":{"self":[{"href":"http:\/\/hipoxia.com.br\/copabrasil2022\/wp-json\/wp\/v2\/pages\/12","targetHints":{"allow":["GET"]}}],"collection":[{"href":"http:\/\/hipoxia.com.br\/copabrasil2022\/wp-json\/wp\/v2\/pages"}],"about":[{"href":"http:\/\/hipoxia.com.br\/copabrasil2022\/wp-json\/wp\/v2\/types\/page"}],"author":[{"embeddable":true,"href":"http:\/\/hipoxia.com.br\/copabrasil2022\/wp-json\/wp\/v2\/users\/1"}],"replies":[{"embeddable":true,"href":"http:\/\/hipoxia.com.br\/copabrasil2022\/wp-json\/wp\/v2\/comments?post=12"}],"version-history":[{"count":3,"href":"http:\/\/hipoxia.com.br\/copabrasil2022\/wp-json\/wp\/v2\/pages\/12\/revisions"}],"predecessor-version":[{"id":18,"href":"http:\/\/hipoxia.com.br\/copabrasil2022\/wp-json\/wp\/v2\/pages\/12\/revisions\/18"}],"wp:attachment":[{"href":"http:\/\/hipoxia.com.br\/copabrasil2022\/wp-json\/wp\/v2\/media?parent=12"}],"curies":[{"name":"wp","href":"https:\/\/api.w.org\/{rel}","templated":true}]}}