{"id":42,"date":"2021-01-20T17:12:49","date_gmt":"2021-01-20T20:12:49","guid":{"rendered":"http:\/\/hipoxia.com.br\/copabrasil2021\/?page_id=42"},"modified":"2021-06-12T21:13:38","modified_gmt":"2021-06-13T00:13:38","slug":"inscricoes","status":"publish","type":"page","link":"http:\/\/hipoxia.com.br\/copabrasil2021\/inscricoes\/","title":{"rendered":"Inscri\u00e7\u00f5es"},"content":{"rendered":"\n<p><strong>As inscri\u00e7\u00f5es abrem dia 11\/06 (sexta) as 0h: Somente 100 vagas.<br><br>O crit\u00e9rio ser\u00e1 simplesmente por ordem de inscri\u00e7\u00e3o, a organiza\u00e7\u00e3o reservar\u00e1 se necess\u00e1rio 5 vagas para casos de seu interesse.<\/strong><\/p>\n\n\n\n<p>O Primeiro Lote de inscri\u00e7\u00f5es ser\u00e1 de 30 vagas com valor de R$ 550,00&nbsp;<\/p>\n\n\n\n<p>O segundo lote de 30 vagas ser\u00e1 de R$ 600,00 reais;<\/p>\n\n\n\n<p>E o terceiro lote&nbsp; de 40 vagas ser\u00e1 de R$ 650,00 reais.<\/p>\n\n\n\n<p>O \u00faltimo lote de vagas remanescentes ser\u00e1 de R$ 700,00 reais.<\/p>\n\n\n\n<p>Inscri\u00e7\u00e3o: <a rel=\"noreferrer noopener\" href=\"http:\/\/www.zrsistemas.com.br\/inscricoes\/2021\/copabrasil\/\" target=\"_blank\">http:\/\/www.zrsistemas.com.br\/inscricoes\/2021\/copabrasil\/<\/a> <\/p>\n\n\n\n<p><\/p>\n\n\n\n<p><\/p>\n\n\n\n<p><strong><em>Para pilotos que ainda n\u00e3o est\u00e3o no nivelamento minimo, os mesmos devem solicitar a sua Federa\u00e7\u00e3o a carta de anuencia, veja o modelo: <a href=\"http:\/\/hipoxia.com.br\/copabrasil2021\/documentos\/copabrasilexcessao.pdf\" data-type=\"URL\" data-id=\"http:\/\/hipoxia.com.br\/copabrasil2021\/documentos\/copabrasilexcessao.pdf\" target=\"_blank\" rel=\"noreferrer noopener\">clique aqui<\/a><\/em><\/strong>.<\/p>\n","protected":false},"excerpt":{"rendered":"<p>As inscri\u00e7\u00f5es abrem dia 11\/06 (sexta) as 0h: Somente 100 vagas. O crit\u00e9rio ser\u00e1 simplesmente<\/p>\n","protected":false},"author":1,"featured_media":0,"parent":0,"menu_order":0,"comment_status":"closed","ping_status":"closed","template":"","meta":{"ngg_post_thumbnail":0,"footnotes":""},"class_list":["post-42","page","type-page","status-publish","hentry"],"_links":{"self":[{"href":"http:\/\/hipoxia.com.br\/copabrasil2021\/wp-json\/wp\/v2\/pages\/42","targetHints":{"allow":["GET"]}}],"collection":[{"href":"http:\/\/hipoxia.com.br\/copabrasil2021\/wp-json\/wp\/v2\/pages"}],"about":[{"href":"http:\/\/hipoxia.com.br\/copabrasil2021\/wp-json\/wp\/v2\/types\/page"}],"author":[{"embeddable":true,"href":"http:\/\/hipoxia.com.br\/copabrasil2021\/wp-json\/wp\/v2\/users\/1"}],"replies":[{"embeddable":true,"href":"http:\/\/hipoxia.com.br\/copabrasil2021\/wp-json\/wp\/v2\/comments?post=42"}],"version-history":[{"count":9,"href":"http:\/\/hipoxia.com.br\/copabrasil2021\/wp-json\/wp\/v2\/pages\/42\/revisions"}],"predecessor-version":[{"id":76,"href":"http:\/\/hipoxia.com.br\/copabrasil2021\/wp-json\/wp\/v2\/pages\/42\/revisions\/76"}],"wp:attachment":[{"href":"http:\/\/hipoxia.com.br\/copabrasil2021\/wp-json\/wp\/v2\/media?parent=42"}],"curies":[{"name":"wp","href":"https:\/\/api.w.org\/{rel}","templated":true}]}}