{"id":32,"date":"2021-01-20T17:07:54","date_gmt":"2021-01-20T20:07:54","guid":{"rendered":"http:\/\/hipoxia.com.br\/copabrasil2021\/?page_id=32"},"modified":"2021-01-20T17:07:56","modified_gmt":"2021-01-20T20:07:56","slug":"telefones-uteis","status":"publish","type":"page","link":"http:\/\/hipoxia.com.br\/copabrasil2021\/telefones-uteis\/","title":{"rendered":"Telefones Uteis"},"content":{"rendered":"\n<p>Hospital Jo\u00e3o dos Santos Neves +55 (27) 3732.8220<\/p>\n\n\n\n<p>Pronto Socorro +55 (27) 3732.9813<\/p>\n\n\n\n<p>Esta\u00e7\u00e3o Ferrovi\u00e1ria: 0800255700<\/p>\n\n\n\n<p>Empresas de Transporte Rodovi\u00e1rio:<\/p>\n\n\n\n<p>Aguia Branca: +55 (27) 3732.3039, Pretti: +55 (27) 3732.1469, Guantur: +55 (27) 3732.1584, Mutum Preto: +55 (27) 3732.3211<\/p>\n\n\n\n<p>Barbosa Locadora de Veiculos: +55 (27) 3732.2018<\/p>\n","protected":false},"excerpt":{"rendered":"<p>Hospital Jo\u00e3o dos Santos Neves +55 (27) 3732.8220 Pronto Socorro +55 (27) 3732.9813 Esta\u00e7\u00e3o Ferrovi\u00e1ria:<\/p>\n","protected":false},"author":1,"featured_media":0,"parent":0,"menu_order":0,"comment_status":"closed","ping_status":"closed","template":"","meta":{"ngg_post_thumbnail":0,"footnotes":""},"class_list":["post-32","page","type-page","status-publish","hentry"],"_links":{"self":[{"href":"http:\/\/hipoxia.com.br\/copabrasil2021\/wp-json\/wp\/v2\/pages\/32","targetHints":{"allow":["GET"]}}],"collection":[{"href":"http:\/\/hipoxia.com.br\/copabrasil2021\/wp-json\/wp\/v2\/pages"}],"about":[{"href":"http:\/\/hipoxia.com.br\/copabrasil2021\/wp-json\/wp\/v2\/types\/page"}],"author":[{"embeddable":true,"href":"http:\/\/hipoxia.com.br\/copabrasil2021\/wp-json\/wp\/v2\/users\/1"}],"replies":[{"embeddable":true,"href":"http:\/\/hipoxia.com.br\/copabrasil2021\/wp-json\/wp\/v2\/comments?post=32"}],"version-history":[{"count":1,"href":"http:\/\/hipoxia.com.br\/copabrasil2021\/wp-json\/wp\/v2\/pages\/32\/revisions"}],"predecessor-version":[{"id":33,"href":"http:\/\/hipoxia.com.br\/copabrasil2021\/wp-json\/wp\/v2\/pages\/32\/revisions\/33"}],"wp:attachment":[{"href":"http:\/\/hipoxia.com.br\/copabrasil2021\/wp-json\/wp\/v2\/media?parent=32"}],"curies":[{"name":"wp","href":"https:\/\/api.w.org\/{rel}","templated":true}]}}