{"id":47,"date":"2021-01-13T14:18:44","date_gmt":"2021-01-13T17:18:44","guid":{"rendered":"http:\/\/hipoxia.com.br\/brasileiro2021\/?page_id=47"},"modified":"2021-07-22T10:11:35","modified_gmt":"2021-07-22T13:11:35","slug":"inscricoes","status":"publish","type":"page","link":"http:\/\/hipoxia.com.br\/brasileiro2021\/inscricoes\/","title":{"rendered":"Inscri\u00e7oes"},"content":{"rendered":"\n<h3 class=\"wp-block-heading\">INSCRI\u00c7\u00d5ES<\/h3>\n\n\n\n<p><strong>As inscri\u00e7\u00f5es para esta etapa seguem a seguinte ordem:<\/strong><\/p>\n\n\n\n<p>&#8211; 95 primeiros classificados na 1\u00b0 Etapa do ano vigente;<\/p>\n\n\n\n<p>&#8211; 03 vagas feminina segundo ranking da 1\u00b0 Etapa do ano vigente;<\/p>\n\n\n\n<p>&#8211; 02 Wildcards CBVL (a crit\u00e9rio da DT CBVL);<\/p>\n\n\n\n<p>&#8211; 30 Vagas para estrangeiros \u2013 caso n\u00e3o utilizados revertidas para os seguintes da 1\u00b0Etapa (96\u00b0 em diante).<\/p>\n\n\n\n<p><\/p>\n\n\n\n<p><\/p>\n\n\n\n<p>Acesse o Link: <a href=\"http:\/\/eventos.cbvl.esp.br\/pt\/eventos\/380-2-etapa-campeonato-braileiro-parapente-2021-baixo-guandu-es#inscricoes\" target=\"_blank\" rel=\"noreferrer noopener nofollow sponsored ugc\">http:\/\/eventos.cbvl.esp.br\/pt\/eventos\/380-2-etapa-campeonato-braileiro-parapente-2021-baixo-guandu-es#inscricoes<\/a><\/p>\n","protected":false},"excerpt":{"rendered":"<p>INSCRI\u00c7\u00d5ES As inscri\u00e7\u00f5es para esta etapa seguem a seguinte ordem: &#8211; 95 primeiros classificados na 1\u00b0 Etapa do ano vigente; &#8211; 03 vagas feminina segundo ranking da 1\u00b0 Etapa do ano vigente; &#8211; 02 Wildcards CBVL (a crit\u00e9rio da DT CBVL); &#8211; 30 Vagas para estrangeiros \u2013 caso n\u00e3o utilizados revertidas para os seguintes da &hellip; <\/p>\n","protected":false},"author":1,"featured_media":0,"parent":0,"menu_order":0,"comment_status":"closed","ping_status":"closed","template":"","meta":{"ngg_post_thumbnail":0,"footnotes":""},"class_list":["post-47","page","type-page","status-publish","hentry"],"_links":{"self":[{"href":"http:\/\/hipoxia.com.br\/brasileiro2021\/wp-json\/wp\/v2\/pages\/47","targetHints":{"allow":["GET"]}}],"collection":[{"href":"http:\/\/hipoxia.com.br\/brasileiro2021\/wp-json\/wp\/v2\/pages"}],"about":[{"href":"http:\/\/hipoxia.com.br\/brasileiro2021\/wp-json\/wp\/v2\/types\/page"}],"author":[{"embeddable":true,"href":"http:\/\/hipoxia.com.br\/brasileiro2021\/wp-json\/wp\/v2\/users\/1"}],"replies":[{"embeddable":true,"href":"http:\/\/hipoxia.com.br\/brasileiro2021\/wp-json\/wp\/v2\/comments?post=47"}],"version-history":[{"count":2,"href":"http:\/\/hipoxia.com.br\/brasileiro2021\/wp-json\/wp\/v2\/pages\/47\/revisions"}],"predecessor-version":[{"id":115,"href":"http:\/\/hipoxia.com.br\/brasileiro2021\/wp-json\/wp\/v2\/pages\/47\/revisions\/115"}],"wp:attachment":[{"href":"http:\/\/hipoxia.com.br\/brasileiro2021\/wp-json\/wp\/v2\/media?parent=47"}],"curies":[{"name":"wp","href":"https:\/\/api.w.org\/{rel}","templated":true}]}}