{"id":25,"date":"2021-01-13T11:53:12","date_gmt":"2021-01-13T14:53:12","guid":{"rendered":"http:\/\/hipoxia.com.br\/brasileiro2021\/?page_id=25"},"modified":"2021-08-17T11:00:36","modified_gmt":"2021-08-17T14:00:36","slug":"onde-ficar","status":"publish","type":"page","link":"http:\/\/hipoxia.com.br\/brasileiro2021\/onde-ficar\/","title":{"rendered":"Onde Ficar"},"content":{"rendered":"\n<p><strong>Em Baixo Guandu \u2013 ES<\/strong><\/p>\n\n\n\n<p><strong>Hotel e Restaurante Barbosa<\/strong><\/p>\n\n\n\n<p>Av. 10 de Abril, 338 \u2013 Centro \u2013 Baixo Guandu &#8211; ES<br> (27) 3732 \u2013 3994 \/ (27) 3732 \u2013 4961 \/ (27) 3732 \u2013 4917<br> http:\/\/www.hotelbarbosa.com.br<br> Observa\u00e7\u00f5es:<br> Este j\u00e1 foi hotel utilizado como QG da equipe que organiza os campeonatos. Possui restaurante em suas instala\u00e7\u00f5es.<br><\/p>\n\n\n\n<p><\/p>\n\n\n\n<p><strong>Principe Hotel<\/strong><\/p>\n\n\n\n<p>Rua Dr. Hugo Lopes Nalle, 98 \u2013 Centro \u2013 Baixo Guandu &#8211; ES<br> (27) 3732 \u2013 1585 \/ (27) 9824 \u2013 8548<br> http:\/\/www.principehotelbg.com.br<\/p>\n\n\n\n<p><br><strong> Hotel Bom Destino<\/strong><\/p>\n\n\n\n<p>Rua Ibituba, 259 \u2013 Centro \u2013 Baixo Guandu &#8211; ES<br> (27) 3732 \u2013 3130<br> www.hotelbomdestino.blogspot.com &#8211; hotelbomdestino@hotmail.com<br> Observa\u00e7\u00f5es:<br> Pr\u00f3ximo a rodovi\u00e1ria local.<\/p>\n\n\n\n<div class=\"wp-block-image\"><figure class=\"alignright\"><img decoding=\"async\" src=\"http:\/\/www.hipoxia.com.br\/panamericano2017\/wp-content\/uploads\/2016\/12\/treino5-300x149.jpg\" alt=\"\" class=\"wp-image-61\"\/><\/figure><\/div>\n\n\n\n<p><strong>Em Aimor\u00e9s \u2013 MG<\/strong><br> A cidade de Aimor\u00e9s fica a 5 km, sendo que pertence ao estado de Minas Gerais, o acesso pode ser feito por duas vias de r\u00e1pido acesso.<br> <\/p>\n\n\n\n<p><strong>Pousada das Ac\u00e1cias<\/strong><\/p>\n\n\n\n<p>Av. Florisvaldo Dias Oliveira, 50 \u2013 Centro \u2013 Aimor\u00e9s &#8211; MG<br> (33) 3267 \u2013 1643 (33) 3267 \u2013 1159<br> Observa\u00e7\u00f5es:<br> Possui estacionamento.<\/p>\n\n\n\n<p><br><strong> Villares Hotel<\/strong><\/p>\n\n\n\n<p>Av. Dr. Am\u00e9rico Martins da Costa, 99 \u2013 Centro \u2013 Aimor\u00e9s &#8211; MG<br> (33) 3267 \u2013 2897<br> http:\/\/www.villareshotel.com.br<br> Observa\u00e7\u00f5es:<br> Logo abaixo de suas instala\u00e7\u00f5es h\u00e1 um restaurante do mesmo propriet\u00e1rio, (Deguste Restaurante).<\/p>\n\n\n\n<p><br> <strong>Instituto Terra<\/strong><\/p>\n\n\n\n<p>RPPN Fazenda Bulc\u00e3o &#8211; Aimor\u00e9s &#8211; MG<br> +55 (33) 3267 2025<br> +55 (33) 3267 1829<br> http:\/\/www.institutoterra.org\/pt_br<br> Observa\u00e7\u00f5es:<br> Este local n\u00e3o \u00e9 necessariamente um hotel, mas \u00e9 possivel se hospedar em suas instala\u00e7\u00f5es, \u00e9 importante a comunica\u00e7\u00e3o antes e agendar, obtendo os detalhes a respeito.<br> O local \u00e9 muito agradavel e vale a pena conhecer o projeto e as atividades ecol\u00f3gicas implantadas pela institui\u00e7\u00e3o; Mesmo que seja por visita monitorada.<\/p>\n\n\n\n<p><\/p>\n\n\n\n<p><strong>Hotel Estevam<\/strong><\/p>\n\n\n\n<p>Av. Raul Soares, 915 \u2013 Centro \u2013 Aimor\u00e9s &#8211; MG<br> (33) 3267 &#8211; 3955<br> hotelestevamaimores@gmail.com<\/p>\n\n\n\n<p><\/p>\n\n\n\n<p><strong>Hotel Lorena<\/strong><\/p>\n\n\n\n<p>Av. Raul Soares,1.258 \u2013 Centro \u2013 Aimor\u00e9s &#8211; MG<br> (33) 3267 &#8211; 2959<\/p>\n\n\n\n<p><\/p>\n\n\n\n<p><strong>Aimor\u00e9s Palace Hotel<\/strong><\/p>\n\n\n\n<p>Pra\u00e7a Jo\u00e3o Pinheiro, 250 \u2013 Centro \u2013 Aimor\u00e9s &#8211; MG<br> (33) 3267 &#8211; 1448<\/p>\n","protected":false},"excerpt":{"rendered":"<p>Em Baixo Guandu \u2013 ES Hotel e Restaurante Barbosa Av. 10 de Abril, 338 \u2013 Centro \u2013 Baixo Guandu &#8211; ES (27) 3732 \u2013 3994 \/ (27) 3732 \u2013 4961 \/ (27) 3732 \u2013 4917 http:\/\/www.hotelbarbosa.com.br Observa\u00e7\u00f5es: Este j\u00e1 foi hotel utilizado como QG da equipe que organiza os campeonatos. Possui restaurante em suas instala\u00e7\u00f5es. &hellip; <\/p>\n","protected":false},"author":1,"featured_media":0,"parent":0,"menu_order":0,"comment_status":"closed","ping_status":"closed","template":"","meta":{"ngg_post_thumbnail":0,"footnotes":""},"class_list":["post-25","page","type-page","status-publish","hentry"],"_links":{"self":[{"href":"http:\/\/hipoxia.com.br\/brasileiro2021\/wp-json\/wp\/v2\/pages\/25","targetHints":{"allow":["GET"]}}],"collection":[{"href":"http:\/\/hipoxia.com.br\/brasileiro2021\/wp-json\/wp\/v2\/pages"}],"about":[{"href":"http:\/\/hipoxia.com.br\/brasileiro2021\/wp-json\/wp\/v2\/types\/page"}],"author":[{"embeddable":true,"href":"http:\/\/hipoxia.com.br\/brasileiro2021\/wp-json\/wp\/v2\/users\/1"}],"replies":[{"embeddable":true,"href":"http:\/\/hipoxia.com.br\/brasileiro2021\/wp-json\/wp\/v2\/comments?post=25"}],"version-history":[{"count":3,"href":"http:\/\/hipoxia.com.br\/brasileiro2021\/wp-json\/wp\/v2\/pages\/25\/revisions"}],"predecessor-version":[{"id":120,"href":"http:\/\/hipoxia.com.br\/brasileiro2021\/wp-json\/wp\/v2\/pages\/25\/revisions\/120"}],"wp:attachment":[{"href":"http:\/\/hipoxia.com.br\/brasileiro2021\/wp-json\/wp\/v2\/media?parent=25"}],"curies":[{"name":"wp","href":"https:\/\/api.w.org\/{rel}","templated":true}]}}