{"id":21,"date":"2021-01-13T11:49:54","date_gmt":"2021-01-13T14:49:54","guid":{"rendered":"http:\/\/hipoxia.com.br\/brasileiro2021\/?page_id=21"},"modified":"2021-01-13T11:49:57","modified_gmt":"2021-01-13T14:49:57","slug":"a-cidade","status":"publish","type":"page","link":"http:\/\/hipoxia.com.br\/brasileiro2021\/a-cidade\/","title":{"rendered":"A Cidade"},"content":{"rendered":"\n<h2 class=\"wp-block-heading\">A Cidade de Baixo Guandu<\/h2>\n\n\n\n<figure class=\"wp-block-image\"><img decoding=\"async\" src=\"http:\/\/www.hipoxia.com.br\/panamericano2017\/wp-content\/uploads\/2016\/12\/foto-baixo-guandu-buscalite-8-300x225.jpg\" alt=\"\" class=\"wp-image-57\"\/><\/figure>\n\n\n\n<p>Baixo Guandu \u2013 Espirito Santo \u2013 Brasil<\/p>\n\n\n\n<p>O munic\u00edpio est\u00e1 localizado na Regi\u00e3o Centro-Oeste do Esp\u00edrito Santo, a 186 km da capital do Estado. S\u00e3o 931 km quadrados de \u00e1rea e uma popula\u00e7\u00e3o de aproxidamente 30 mil habitantes. Baixo Guandu com clima tropical megat\u00e9rmico e sub\u00famido, possui quatro distritos (Alto Mutum Preto, Ibituba, Km 14 do Mutum e Vila Nova do Bananal) e faz parte da Regi\u00e3o Tur\u00edstica de Doce Pont\u00f5es.<\/p>\n\n\n\n<p>Com uma cultura e um povo hospitaleiro, a cidade apresenta deliciosa comida caseira e belezas naturais com lindas paisagens, como a Pedra do Souza, al\u00e9m de belas cachoeiras e um riqu\u00edssimo artesanato.<\/p>\n\n\n\n<p>Baixo Guandu oferece atra\u00e7\u00f5es para todos os gostos e idades, com v\u00e1rios eventos ao longo do ano, entre eles a Festa de S\u00e3o Pedro, Padroeiro da cidade no dia 29 de Junho.<\/p>\n\n\n\n<figure class=\"wp-block-image\"><img decoding=\"async\" src=\"http:\/\/www.hipoxia.com.br\/panamericano2017\/wp-content\/uploads\/2016\/12\/8-baixo-guandu-300x168.jpg\" alt=\"\" class=\"wp-image-58\"\/><\/figure>\n\n\n\n<figure class=\"wp-block-image\"><img decoding=\"async\" src=\"http:\/\/www.hipoxia.com.br\/panamericano2017\/wp-content\/uploads\/2016\/12\/945250_10201298339846787_1299328344_n-300x225.jpg\" alt=\"\" class=\"wp-image-56\"\/><\/figure>\n\n\n\n<figure class=\"wp-block-image\"><img decoding=\"async\" src=\"http:\/\/www.hipoxia.com.br\/panamericano2017\/wp-content\/uploads\/2016\/12\/image-300x225.jpg\" alt=\"\" class=\"wp-image-59\"\/><\/figure>\n\n\n\n<p>Venha Conhecer nossa cidade e se encantar com nossas belezas e nosso povo.<\/p>\n","protected":false},"excerpt":{"rendered":"<p>A Cidade de Baixo Guandu Baixo Guandu \u2013 Espirito Santo \u2013 Brasil O munic\u00edpio est\u00e1 localizado na Regi\u00e3o Centro-Oeste do Esp\u00edrito Santo, a 186 km da capital do Estado. S\u00e3o 931 km quadrados de \u00e1rea e uma popula\u00e7\u00e3o de aproxidamente 30 mil habitantes. Baixo Guandu com clima tropical megat\u00e9rmico e sub\u00famido, possui quatro distritos (Alto &hellip; <\/p>\n","protected":false},"author":1,"featured_media":0,"parent":0,"menu_order":0,"comment_status":"closed","ping_status":"closed","template":"","meta":{"ngg_post_thumbnail":0,"footnotes":""},"class_list":["post-21","page","type-page","status-publish","hentry"],"_links":{"self":[{"href":"http:\/\/hipoxia.com.br\/brasileiro2021\/wp-json\/wp\/v2\/pages\/21","targetHints":{"allow":["GET"]}}],"collection":[{"href":"http:\/\/hipoxia.com.br\/brasileiro2021\/wp-json\/wp\/v2\/pages"}],"about":[{"href":"http:\/\/hipoxia.com.br\/brasileiro2021\/wp-json\/wp\/v2\/types\/page"}],"author":[{"embeddable":true,"href":"http:\/\/hipoxia.com.br\/brasileiro2021\/wp-json\/wp\/v2\/users\/1"}],"replies":[{"embeddable":true,"href":"http:\/\/hipoxia.com.br\/brasileiro2021\/wp-json\/wp\/v2\/comments?post=21"}],"version-history":[{"count":1,"href":"http:\/\/hipoxia.com.br\/brasileiro2021\/wp-json\/wp\/v2\/pages\/21\/revisions"}],"predecessor-version":[{"id":22,"href":"http:\/\/hipoxia.com.br\/brasileiro2021\/wp-json\/wp\/v2\/pages\/21\/revisions\/22"}],"wp:attachment":[{"href":"http:\/\/hipoxia.com.br\/brasileiro2021\/wp-json\/wp\/v2\/media?parent=21"}],"curies":[{"name":"wp","href":"https:\/\/api.w.org\/{rel}","templated":true}]}}